{"id":2,"date":"2021-01-01T14:18:11","date_gmt":"2021-01-01T13:18:11","guid":{"rendered":"http:\/\/www.roetzelgmbh.de\/wp-1\/?page_id=2"},"modified":"2026-01-02T13:09:06","modified_gmt":"2026-01-02T12:09:06","slug":"home","status":"publish","type":"page","link":"https:\/\/www.roetzelgmbh.de\/wp-1\/","title":{"rendered":"Home"},"content":{"rendered":"[et_pb_section fb_built=&#8220;1&#8243; admin_label=&#8220;section&#8220; _builder_version=&#8220;4.16&#8243; custom_margin=&#8220;||||false|false&#8220; custom_padding=&#8220;||||false|false&#8220; global_colors_info=&#8220;{}&#8220;][et_pb_row admin_label=&#8220;Zeile&#8220; _builder_version=&#8220;4.16&#8243; background_size=&#8220;initial&#8220; background_position=&#8220;top_left&#8220; background_repeat=&#8220;repeat&#8220; custom_margin=&#8220;||||false|false&#8220; custom_padding=&#8220;||||false|false&#8220; global_colors_info=&#8220;{}&#8220;][et_pb_column type=&#8220;4_4&#8243; _builder_version=&#8220;4.16&#8243; custom_padding=&#8220;|||&#8220; global_colors_info=&#8220;{}&#8220; custom_padding__hover=&#8220;|||&#8220;][et_pb_text disabled_on=&#8220;on|on|on&#8220; admin_label=&#8220;Weihnachtsbild&#8220; _builder_version=&#8220;4.27.5&#8243; _module_preset=&#8220;default&#8220; custom_padding=&#8220;32px||32px||true|false&#8220; box_shadow_style=&#8220;preset6&#8243; box_shadow_blur=&#8220;57px&#8220; box_shadow_color=&#8220;#E02B20&#8243; global_colors_info=&#8220;{}&#8220; disabled=&#8220;on&#8220;]<p style=\"text-align: center;\"><img decoding=\"async\" src=\"https:\/\/www.roetzelgmbh.de\/wp-1\/wp-content\/uploads\/2021\/12\/Frohe-Weihnachten-Bernd.jpg\" width=\"80%\" alt=\"Weihnachtsbaum und Text mit Weihnachtsgr\u00fcssen\" \/><br \/><span style=\"font-size: x-small;\"><a href=\"https:\/\/de.freepik.com\/fotos-vektoren-kostenlos\" style=\"color: #0c71c3;\" target=\"_blank\" rel=\"noopener noreferrer\"><span style=\"color: #e02b20;\">Bildquelle: de.freepik.com<\/span><\/a><\/span><\/p>[\/et_pb_text][et_pb_text admin_label=&#8220;Startbild&#8220; _builder_version=&#8220;4.27.4&#8243; _module_preset=&#8220;default&#8220; global_colors_info=&#8220;{}&#8220;]<h1><img decoding=\"async\" src=\"https:\/\/www.roetzelgmbh.de\/wp-1\/wp-content\/uploads\/2023\/08\/Startseite-E.jpg\" width=\"100%\" alt=\"Startbild mit mehreren Referenzbauten\" \/><\/h1>[\/et_pb_text][et_pb_text admin_label=&#8220;\u00dcberschrift&#8220; module_id=&#8220;Inhaltsbeginn&#8220; _builder_version=&#8220;4.27.4&#8243; background_size=&#8220;initial&#8220; background_position=&#8220;top_left&#8220; background_repeat=&#8220;repeat&#8220; custom_padding=&#8220;||1px|||&#8220; global_colors_info=&#8220;{}&#8220;]<h1 class=\"module margin-collapse h1\"><span color=\"#b0170c\" style=\"color: #b0170c;\"><b>Wir sind f\u00fcr Sie da<\/b><\/span><\/h1>[\/et_pb_text][et_pb_text admin_label=&#8220;Starttext&#8220; _builder_version=&#8220;4.27.4&#8243; background_size=&#8220;initial&#8220; background_position=&#8220;top_left&#8220; background_repeat=&#8220;repeat&#8220; custom_padding=&#8220;||1px|||&#8220; global_colors_info=&#8220;{}&#8220;]<p><span style=\"font-size: medium;\">Das Baugesch\u00e4ft R\u00f6tzel GmbH wurde bereits 1933 gegr\u00fcndet und hat seitdem seinen Firmensitz in Bitzen. Unser qualifiziertes und deutschsprachiges Fachpersonal setzt seit Jahren Bauleistungen aller Art um. Dazu z\u00e4hlen Kleinstauftr\u00e4ge vom Auswechseln eines Pflastersteins bis hin zur Errichtung z.B. eines 16 Familienhauses. Alle Arbeiten werden von unserem Meisterbetrieb mit hoher Qualit\u00e4t, bestem Fachwissen, Wirtschaftlichkeit und vor allem Ihren W\u00fcnschen entsprechend zu Ihrer vollsten Zufriedenheit ausgef\u00fchrt.<\/span><\/p>\n<p><span style=\"font-size: medium;\">Eine gute Beratung und Planung im Vorfeld sowie die fachliche Begleitung der Bauphase und auch dar\u00fcber hinaus versteht sich f\u00fcr uns von selbst. Auf Wunsch bieten wir auch gerne Komplettleistungen aus einer Hand f\u00fcr Ihre Umbauma\u00dfnahmen oder Sanierung an. Dies bedeutet, wir k\u00fcmmern uns um alle ben\u00f6tigten Handwerker, wie zum Beispiel Maurer, Elektroinstallateur, Gas- und Wasserinstallateur oder Fliesenleger.<\/span><\/p>\n<p><span style=\"font-size: medium;\">Sie haben nur einen Ansprechpartner und brauchen sich um nichts zu k\u00fcmmern. Ob Hochbau, Tiefbau, Sanierung, Stahlbetonbau, Verblendung oder Innenausbau, gerne erstellen wir Ihnen ein Angebot.<\/span><\/p>\n<p><\/p>[\/et_pb_text][\/et_pb_column][\/et_pb_row][et_pb_row disabled_on=&#8220;off|off|off&#8220; _builder_version=&#8220;4.16&#8243; _module_preset=&#8220;default&#8220; global_colors_info=&#8220;{}&#8220;][et_pb_column type=&#8220;4_4&#8243; _builder_version=&#8220;4.16&#8243; _module_preset=&#8220;default&#8220; global_colors_info=&#8220;{}&#8220;][et_pb_text disabled_on=&#8220;on|off|off&#8220; admin_label=&#8220;Abstand PC + Tablet&#8220; _builder_version=&#8220;4.19.4&#8243; background_size=&#8220;initial&#8220; background_position=&#8220;top_left&#8220; background_repeat=&#8220;repeat&#8220; custom_padding=&#8220;||1px|||&#8220; global_colors_info=&#8220;{}&#8220;]<p>&nbsp;<\/p>\n<p>&nbsp;<\/p>[\/et_pb_text][\/et_pb_column][\/et_pb_row][et_pb_row column_structure=&#8220;1_4,1_4,1_4,1_4&#8243; disabled_on=&#8220;off|off|off&#8220; _builder_version=&#8220;4.27.4&#8243; _module_preset=&#8220;default&#8220; global_colors_info=&#8220;{}&#8220;][et_pb_column type=&#8220;1_4&#8243; _builder_version=&#8220;4.16&#8243; _module_preset=&#8220;default&#8220; global_colors_info=&#8220;{}&#8220;][et_pb_text admin_label=&#8220;Bild Meisterbetrieb&#8220; _builder_version=&#8220;4.27.4&#8243; _module_preset=&#8220;default&#8220; border_radii=&#8220;on|10px|10px|10px|10px&#8220; border_width_all=&#8220;1px&#8220; global_colors_info=&#8220;{}&#8220;]<img decoding=\"async\" src=\"https:\/\/www.roetzelgmbh.de\/wp-1\/wp-content\/uploads\/2021\/01\/Home-Meisterbetrieb.jpg\" width=\"100%\" alt=\"Bild mit Schriftzug Meisterbetrieb\"\/>[\/et_pb_text][\/et_pb_column][et_pb_column type=&#8220;1_4&#8243; _builder_version=&#8220;4.16&#8243; _module_preset=&#8220;default&#8220; global_colors_info=&#8220;{}&#8220;][et_pb_text admin_label=&#8220;Bild KHS&#8220; _builder_version=&#8220;4.27.4&#8243; _module_preset=&#8220;default&#8220; border_radii=&#8220;on|10px|10px|10px|10px&#8220; border_width_all=&#8220;1px&#8220; global_colors_info=&#8220;{}&#8220;]<img decoding=\"async\" src=\"https:\/\/www.roetzelgmbh.de\/wp-1\/wp-content\/uploads\/2021\/01\/Home-MitgliedKHS.jpg\" width=\"100%\" alt=\"Bild mit Schriftzug Mitglied der Kreishandwerkerschaft Rhein-Westerwald\" \/>[\/et_pb_text][\/et_pb_column][et_pb_column type=&#8220;1_4&#8243; _builder_version=&#8220;4.16&#8243; _module_preset=&#8220;default&#8220; global_colors_info=&#8220;{}&#8220;][et_pb_text admin_label=&#8220;Link KHS&#8220; _builder_version=&#8220;4.27.4&#8243; _module_preset=&#8220;default&#8220; border_radii=&#8220;on|10px|10px|10px|10px&#8220; border_width_all=&#8220;1px&#8220; global_colors_info=&#8220;{}&#8220;]<p><a href=\"https:\/\/www.kreishandwerkerschaft-rhein-westerwald.de\" target=\"_blank\" rel=\"noopener noreferrer\" title=\"www.kreishandwerkerschaft-rhein-westerwald.de\"><img decoding=\"async\" src=\"https:\/\/www.roetzelgmbh.de\/wp-1\/wp-content\/uploads\/2021\/01\/Home-KHS.jpg\" width=\"100%\" alt=\"Bild mit Link zur Kreishandwerkerschaft\" \/><\/a><\/p>[\/et_pb_text][\/et_pb_column][et_pb_column type=&#8220;1_4&#8243; _builder_version=&#8220;4.16&#8243; _module_preset=&#8220;default&#8220; global_colors_info=&#8220;{}&#8220;][et_pb_text admin_label=&#8220;Link Bitzen-Online&#8220; _builder_version=&#8220;4.27.4&#8243; _module_preset=&#8220;default&#8220; border_radii=&#8220;on|10px|10px|10px|10px&#8220; border_width_all=&#8220;1px&#8220; global_colors_info=&#8220;{}&#8220;]<p><a href=\"https:\/\/bitzen-online.de\/wp\/\" target=\"_blank\" rel=\"noopener noreferrer\" title=\"www.bitzen-online.de\"><img decoding=\"async\" src=\"https:\/\/www.roetzelgmbh.de\/wp-1\/wp-content\/uploads\/2021\/01\/Home-Bitzen.jpg\" width=\"100%\" alt=\"Bild mit Link zur Hompage von Bitzen\" \/><\/a><\/p>[\/et_pb_text][\/et_pb_column][\/et_pb_row][et_pb_row _builder_version=&#8220;4.27.4&#8243; _module_preset=&#8220;default&#8220; global_colors_info=&#8220;{}&#8220;][et_pb_column type=&#8220;4_4&#8243; _builder_version=&#8220;4.27.4&#8243; _module_preset=&#8220;default&#8220; global_colors_info=&#8220;{}&#8220;][\/et_pb_column][\/et_pb_row][\/et_pb_section]<!-- \/wp:post-content -->","protected":false},"excerpt":{"rendered":"<p>Bildquelle: de.freepik.comWir sind f\u00fcr Sie daDas Baugesch\u00e4ft R\u00f6tzel GmbH wurde bereits 1933 gegr\u00fcndet und hat seitdem seinen Firmensitz in Bitzen. Unser qualifiziertes und deutschsprachiges Fachpersonal setzt seit Jahren Bauleistungen aller Art um. Dazu z\u00e4hlen Kleinstauftr\u00e4ge vom Auswechseln eines Pflastersteins bis hin zur Errichtung z.B. eines 16 Familienhauses. Alle Arbeiten werden von unserem Meisterbetrieb mit hoher [&hellip;]<\/p>\n","protected":false},"author":3,"featured_media":0,"parent":0,"menu_order":0,"comment_status":"closed","ping_status":"closed","template":"","meta":{"_et_pb_use_builder":"on","_et_pb_old_content":"<!-- wp:paragraph -->\n<p>Dies ist eine Beispiel-Seite. Sie unterscheidet sich von Beitr\u00e4gen, da sie stets an derselben Stelle bleibt und (bei den meisten Themes) in der Website-Navigation angezeigt wird. Die meisten starten mit einem Impressum, der Datenschutzerkl\u00e4rung oder einer \u201e\u00dcber&nbsp;uns\u201c-Seite, um sich potenziellen Besuchern der Website vorzustellen. Dort k\u00f6nnte zum Beispiel stehen:<\/p>\n<!-- \/wp:paragraph -->\n\n<!-- wp:quote -->\n<blockquote class=\"wp-block-quote\"><p>Hallo! Tags\u00fcber arbeite ich als Fahrradkurier, nachts bin ich ein aufstrebender Schauspieler und dies hier ist meine Website. Ich lebe in Berlin, habe einen gro\u00dfen Hund namens Jack, mag Pi&#241;a Coladas, jedoch weniger (ohne Schirm) im Regen stehen gelassen zu werden.<\/p><\/blockquote>\n<!-- \/wp:quote -->\n\n<!-- wp:paragraph -->\n<p>...oder so etwas wie das hier:<\/p>\n<!-- \/wp:paragraph -->\n\n<!-- wp:quote -->\n<blockquote class=\"wp-block-quote\"><p>Das Unternehmen XYZ wurde 1971 gegr\u00fcndet und versorgt die \u00d6ffentlichkeit seither mit qualitativ hochwertigen Produkten. An seinem Standort in einer kleinen Gro\u00dfstadt besch\u00e4ftigt der Betrieb \u00fcber 2.000 Menschen und unterst\u00fctzt die Stadtbewohner in vielfacher Hinsicht.<\/p><\/blockquote>\n<!-- \/wp:quote -->\n\n<!-- wp:paragraph -->\n<p>Als neuer WordPress-Benutzer solltest du <a href=\"http:\/\/www.roetzelgmbh.de\/wp-1\/wp-admin\/\">dein Dashboard<\/a> aufrufen, um diese Seite zu l\u00f6schen und neue Seiten und Beitr\u00e4ge f\u00fcr deine Website erstellen. Viel Spa\u00df!<\/p>\n<!-- \/wp:paragraph -->","_et_gb_content_width":"","footnotes":""},"class_list":["post-2","page","type-page","status-publish","hentry"],"_links":{"self":[{"href":"https:\/\/www.roetzelgmbh.de\/wp-1\/wp-json\/wp\/v2\/pages\/2","targetHints":{"allow":["GET"]}}],"collection":[{"href":"https:\/\/www.roetzelgmbh.de\/wp-1\/wp-json\/wp\/v2\/pages"}],"about":[{"href":"https:\/\/www.roetzelgmbh.de\/wp-1\/wp-json\/wp\/v2\/types\/page"}],"author":[{"embeddable":true,"href":"https:\/\/www.roetzelgmbh.de\/wp-1\/wp-json\/wp\/v2\/users\/3"}],"replies":[{"embeddable":true,"href":"https:\/\/www.roetzelgmbh.de\/wp-1\/wp-json\/wp\/v2\/comments?post=2"}],"version-history":[{"count":106,"href":"https:\/\/www.roetzelgmbh.de\/wp-1\/wp-json\/wp\/v2\/pages\/2\/revisions"}],"predecessor-version":[{"id":4121,"href":"https:\/\/www.roetzelgmbh.de\/wp-1\/wp-json\/wp\/v2\/pages\/2\/revisions\/4121"}],"wp:attachment":[{"href":"https:\/\/www.roetzelgmbh.de\/wp-1\/wp-json\/wp\/v2\/media?parent=2"}],"curies":[{"name":"wp","href":"https:\/\/api.w.org\/{rel}","templated":true}]}}