{"id":1889,"date":"2021-01-03T15:54:01","date_gmt":"2021-01-03T14:54:01","guid":{"rendered":"https:\/\/www.roetzelgmbh.de\/wp-1\/?page_id=1889"},"modified":"2025-05-09T22:42:22","modified_gmt":"2025-05-09T20:42:22","slug":"kontakt","status":"publish","type":"page","link":"https:\/\/www.roetzelgmbh.de\/wp-1\/kontakt\/","title":{"rendered":"Kontakt &#038; Anfahrt"},"content":{"rendered":"<p>[et_pb_section fb_built=&#8220;1&#8243; admin_label=&#8220;section&#8220; _builder_version=&#8220;4.16&#8243; global_colors_info=&#8220;{}&#8220;][et_pb_row column_structure=&#8220;1_3,2_3&#8243; disabled_on=&#8220;off|off|off&#8220; _builder_version=&#8220;4.16&#8243; _module_preset=&#8220;default&#8220; global_colors_info=&#8220;{}&#8220;][et_pb_column type=&#8220;1_3&#8243; _builder_version=&#8220;4.16&#8243; _module_preset=&#8220;default&#8220; global_colors_info=&#8220;{}&#8220;][et_pb_text disabled_on=&#8220;on|off|off&#8220; admin_label=&#8220;Text Adresse PC + Tablett&#8220; module_id=&#8220;Inhaltsbeginn&#8220; _builder_version=&#8220;4.27.4&#8243; _module_preset=&#8220;default&#8220; custom_padding=&#8220;||0px|||&#8220; global_colors_info=&#8220;{}&#8220;]<\/p>\n<h1 class=\"module margin-collapse h1\"><span color=\"#b0170c\" style=\"color: #b0170c; font-size: xx-large;\"><b>Kontakt<\/b><\/span><\/h1>\n<p><span style=\"font-size: medium;\"><\/span><br \/><span style=\"font-size: medium;\"><strong><span itemprop=\"name\">Baugesch\u00e4ft R\u00f6tzel Gmb<\/span><span itemprop=\"name\">H<\/span><\/strong><\/span><br \/><span style=\"font-size: medium;\"> Poststra\u00dfe 13<\/span><br \/><span style=\"font-size: medium;\"> 57539 Bitzen<\/span><br \/><span style=\"font-size: medium;\"> Telefon: 02682 \u2013 13 76<\/span><br \/><span style=\"font-size: medium;\"> Mobil:\u00a0 \u00a0 0170 \u2013 77 25 89 7<\/span><br \/><span style=\"font-size: medium;\"> Telefax:\u00a002682 \u2013 67 31 3<\/span><br \/><span style=\"font-size: medium;\"> <span style=\"color: #595959;\">E-Mail:\u00a0 \u00a0info(at)roetzelgmbh.de<\/span><\/span><\/p>\n<p>[\/et_pb_text][et_pb_text disabled_on=&#8220;off|on|on&#8220; admin_label=&#8220;Text Adresse Handy&#8220; module_id=&#8220;Inhaltsbeginn&#8220; _builder_version=&#8220;4.27.4&#8243; _module_preset=&#8220;default&#8220; custom_padding=&#8220;||0px|||&#8220; global_colors_info=&#8220;{}&#8220;]<\/p>\n<h1 class=\"module margin-collapse h1\"><span color=\"#b0170c\" style=\"color: #b0170c; font-size: xx-large;\"><b>Kontakt<\/b><\/span><\/h1>\n<p><span style=\"font-size: medium;\"><\/span><br \/><span style=\"font-size: medium;\"><strong><span itemprop=\"name\">Baugesch\u00e4ft R\u00f6tzel Gmb<\/span><span itemprop=\"name\">H<\/span><\/strong><\/span><br \/><span style=\"font-size: medium;\"> Poststra\u00dfe 13<\/span><br \/><span style=\"font-size: medium;\"> 57539 Bitzen<\/span><br \/><span style=\"font-size: medium;\"> Telefon:\u00a0<span style=\"color: #b0170c;\"><a itemprop=\"telephone\" href=\"tel:+4926821376\" data-track-event=\"click\" data-track-action=\"tapToCall\" style=\"color: #b0170c;\">02682 \u2013 13 76<\/a><\/span><\/span><br \/><span style=\"font-size: medium;\"> Mobil:\u00a0 \u00a0\u00a0<span style=\"color: #b0170c;\"><a itemprop=\"telephone\" href=\"tel:+491707725897\" data-track-event=\"click\" data-track-action=\"tapToCall\" target=\"_top\" rel=\"noopener\" style=\"color: #b0170c;\">0170 \u2013 77 25 89 7<\/a><\/span><\/span><br \/><span style=\"font-size: medium;\"> Telefax:\u00a002682 \u2013 67 31 3<\/span><br \/><span style=\"font-size: medium;\"> <span style=\"color: #595959;\">E-Mail: info(at)roetzelgmbh.de<\/span><\/span><\/p>\n<p>[\/et_pb_text][et_pb_button button_url=&#8220;mailto:info@roetzelgmbh.de&#8220; button_text=&#8220;E-Mail an uns&#8220; admin_label=&#8220;Button Mail senden&#8220; _builder_version=&#8220;4.27.4&#8243; _module_preset=&#8220;default&#8220; custom_button=&#8220;on&#8220; button_text_size=&#8220;16px&#8220; button_text_color=&#8220;#b0170c&#8220; button_bg_color=&#8220;#FFFFFF&#8220; button_border_width=&#8220;1px&#8220; button_border_color=&#8220;#B3B3B3&#8243; button_border_radius=&#8220;6px&#8220; button_icon=&#8220;&#xe076;||divi||400&#8243; button_icon_color=&#8220;#b0170c&#8220; background_layout=&#8220;dark&#8220; custom_padding=&#8220;10px||10px||true|false&#8220; box_shadow_style=&#8220;preset2&#8243; box_shadow_color=&#8220;#B3B3B3&#8243; global_colors_info=&#8220;{}&#8220;][\/et_pb_button][et_pb_text disabled_on=&#8220;off|off|on&#8220; admin_label=&#8220;Abstand Tablet + Handy&#8220; _builder_version=&#8220;4.16&#8243; _module_preset=&#8220;default&#8220; global_colors_info=&#8220;{}&#8220;]&nbsp;<br \/>\n&nbsp;[\/et_pb_text][\/et_pb_column][et_pb_column type=&#8220;2_3&#8243; _builder_version=&#8220;4.16&#8243; _module_preset=&#8220;default&#8220; global_colors_info=&#8220;{}&#8220;][et_pb_contact_form email=&#8220;info@roetzelgmbh.de&#8220; title=&#8220;Kontaktformular&#8220; custom_message=&#8220;Name des Absenders:        %%Name%%||et_pb_line_break_holder||||et_pb_line_break_holder||E-Mail des Absenders:        %%Email%%||et_pb_line_break_holder||||et_pb_line_break_holder||Telefon des Absenders:     %%Telefonnummer%%||et_pb_line_break_holder||||et_pb_line_break_holder||||et_pb_line_break_holder||Nachricht:||et_pb_line_break_holder||||et_pb_line_break_holder||%%Message%%&#8220; success_message=&#8220;Vielen Dank. Ihre Nachricht wurde erfolgreich versendet.&#8220; submit_button_text=&#8220;Anfrage senden&#8220; _builder_version=&#8220;4.27.4&#8243; _module_preset=&#8220;default&#8220; _unique_id=&#8220;123ae829-024f-4a0a-ac7c-5ae3a5f9d53e&#8220; form_field_background_color=&#8220;#f7f7f7&#8243; form_field_text_color=&#8220;#545454&#8243; form_field_focus_text_color=&#8220;#545454&#8243; title_font=&#8220;|700|||||||&#8220; title_text_color=&#8220;#b0170c&#8220; title_font_size=&#8220;32px&#8220; captcha_text_color=&#8220;#b0170c&#8220; custom_button=&#8220;on&#8220; button_text_size=&#8220;16px&#8220; button_text_color=&#8220;#bb0011&#8243; button_bg_color=&#8220;#FFFFFF&#8220; button_border_width=&#8220;1px&#8220; button_border_color=&#8220;#B3B3B3&#8243; button_border_radius=&#8220;6px&#8220; button_icon=&#8220;&#xe076;||divi||400&#8243; hover_enabled=&#8220;0&#8243; box_shadow_style_button=&#8220;preset2&#8243; box_shadow_color_button=&#8220;#B3B3B3&#8243; global_colors_info=&#8220;{}&#8220; sticky_enabled=&#8220;0&#8243;][et_pb_contact_field field_id=&#8220;Name&#8220; field_title=&#8220;* Ihr Name&#8220; _builder_version=&#8220;4.27.4&#8243; hover_enabled=&#8220;0&#8243; global_colors_info=&#8220;{}&#8220; button_text_size__hover_enabled=&#8220;off&#8220; button_one_text_size__hover_enabled=&#8220;off&#8220; button_two_text_size__hover_enabled=&#8220;off&#8220; button_text_color__hover_enabled=&#8220;off&#8220; button_one_text_color__hover_enabled=&#8220;off&#8220; button_two_text_color__hover_enabled=&#8220;off&#8220; button_border_width__hover_enabled=&#8220;off&#8220; button_one_border_width__hover_enabled=&#8220;off&#8220; button_two_border_width__hover_enabled=&#8220;off&#8220; button_border_color__hover_enabled=&#8220;off&#8220; button_one_border_color__hover_enabled=&#8220;off&#8220; button_two_border_color__hover_enabled=&#8220;off&#8220; button_border_radius__hover_enabled=&#8220;off&#8220; button_one_border_radius__hover_enabled=&#8220;off&#8220; button_two_border_radius__hover_enabled=&#8220;off&#8220; button_letter_spacing__hover_enabled=&#8220;off&#8220; button_one_letter_spacing__hover_enabled=&#8220;off&#8220; button_two_letter_spacing__hover_enabled=&#8220;off&#8220; button_bg_color__hover_enabled=&#8220;off&#8220; button_one_bg_color__hover_enabled=&#8220;off&#8220; button_two_bg_color__hover_enabled=&#8220;off&#8220; sticky_enabled=&#8220;0&#8243; dvmd_acat_aria_label=&#8220;Name&#8220;][\/et_pb_contact_field][et_pb_contact_field field_id=&#8220;Email&#8220; field_title=&#8220;* Ihre E-Mail-Adresse&#8220; field_type=&#8220;email&#8220; _builder_version=&#8220;4.16&#8243; global_colors_info=&#8220;{}&#8220; button_text_size__hover_enabled=&#8220;off&#8220; button_one_text_size__hover_enabled=&#8220;off&#8220; button_two_text_size__hover_enabled=&#8220;off&#8220; button_text_color__hover_enabled=&#8220;off&#8220; button_one_text_color__hover_enabled=&#8220;off&#8220; button_two_text_color__hover_enabled=&#8220;off&#8220; button_border_width__hover_enabled=&#8220;off&#8220; button_one_border_width__hover_enabled=&#8220;off&#8220; button_two_border_width__hover_enabled=&#8220;off&#8220; button_border_color__hover_enabled=&#8220;off&#8220; button_one_border_color__hover_enabled=&#8220;off&#8220; button_two_border_color__hover_enabled=&#8220;off&#8220; button_border_radius__hover_enabled=&#8220;off&#8220; button_one_border_radius__hover_enabled=&#8220;off&#8220; button_two_border_radius__hover_enabled=&#8220;off&#8220; button_letter_spacing__hover_enabled=&#8220;off&#8220; button_one_letter_spacing__hover_enabled=&#8220;off&#8220; button_two_letter_spacing__hover_enabled=&#8220;off&#8220; button_bg_color__hover_enabled=&#8220;off&#8220; button_one_bg_color__hover_enabled=&#8220;off&#8220; button_two_bg_color__hover_enabled=&#8220;off&#8220;][\/et_pb_contact_field][et_pb_contact_field field_id=&#8220;Telefonnummer&#8220; field_title=&#8220;  Ihre Telefonnummer (optional)&#8220; required_mark=&#8220;off&#8220; fullwidth_field=&#8220;on&#8220; _builder_version=&#8220;4.16&#8243; _module_preset=&#8220;default&#8220; global_colors_info=&#8220;{}&#8220;][\/et_pb_contact_field][et_pb_contact_field field_id=&#8220;Message&#8220; field_title=&#8220;* Ihre Nachricht&#8220; field_type=&#8220;text&#8220; fullwidth_field=&#8220;on&#8220; _builder_version=&#8220;4.16&#8243; global_colors_info=&#8220;{}&#8220; button_text_size__hover_enabled=&#8220;off&#8220; button_one_text_size__hover_enabled=&#8220;off&#8220; button_two_text_size__hover_enabled=&#8220;off&#8220; button_text_color__hover_enabled=&#8220;off&#8220; button_one_text_color__hover_enabled=&#8220;off&#8220; button_two_text_color__hover_enabled=&#8220;off&#8220; button_border_width__hover_enabled=&#8220;off&#8220; button_one_border_width__hover_enabled=&#8220;off&#8220; button_two_border_width__hover_enabled=&#8220;off&#8220; button_border_color__hover_enabled=&#8220;off&#8220; button_one_border_color__hover_enabled=&#8220;off&#8220; button_two_border_color__hover_enabled=&#8220;off&#8220; button_border_radius__hover_enabled=&#8220;off&#8220; button_one_border_radius__hover_enabled=&#8220;off&#8220; button_two_border_radius__hover_enabled=&#8220;off&#8220; button_letter_spacing__hover_enabled=&#8220;off&#8220; button_one_letter_spacing__hover_enabled=&#8220;off&#8220; button_two_letter_spacing__hover_enabled=&#8220;off&#8220; button_bg_color__hover_enabled=&#8220;off&#8220; button_one_bg_color__hover_enabled=&#8220;off&#8220; button_two_bg_color__hover_enabled=&#8220;off&#8220;][\/et_pb_contact_field][et_pb_contact_field field_id=&#8220;Datenschutz&#8220; field_title=&#8220;Datenschutz&#8220; field_type=&#8220;checkbox&#8220; checkbox_options=&#8220;%91{%22value%22:%22 Ich akzeptiere die %22,%22checked%22:1,%22dragID%22:-1,%22link_url%22:%22https:\/\/www.roetzelgmbh.de\/wp-1\/impressum-datenschutz\/%22,%22link_text%22:%22Datenschutzerkl\u00e4rung%22}%93&#8243; fullwidth_field=&#8220;on&#8220; _builder_version=&#8220;4.27.4&#8243; _module_preset=&#8220;default&#8220; global_colors_info=&#8220;{}&#8220;][\/et_pb_contact_field][\/et_pb_contact_form][\/et_pb_column][\/et_pb_row][et_pb_row admin_label=&#8220;Zeile&#8220; _builder_version=&#8220;4.16&#8243; _module_preset=&#8220;default&#8220; global_colors_info=&#8220;{}&#8220;][et_pb_column type=&#8220;4_4&#8243; _builder_version=&#8220;4.16&#8243; _module_preset=&#8220;default&#8220; global_colors_info=&#8220;{}&#8220;][et_pb_divider _builder_version=&#8220;4.16&#8243; _module_preset=&#8220;default&#8220; global_colors_info=&#8220;{}&#8220;][\/et_pb_divider][\/et_pb_column][\/et_pb_row][et_pb_row column_structure=&#8220;1_3,2_3&#8243; _builder_version=&#8220;4.18.0&#8243; _module_preset=&#8220;default&#8220; global_colors_info=&#8220;{}&#8220;][et_pb_column type=&#8220;1_3&#8243; _builder_version=&#8220;4.18.0&#8243; _module_preset=&#8220;default&#8220; global_colors_info=&#8220;{}&#8220;][et_pb_text admin_label=&#8220;Text Ihr Weg zu uns&#8220; _builder_version=&#8220;4.27.4&#8243; _module_preset=&#8220;default&#8220; custom_padding=&#8220;0px||0px|||&#8220; global_colors_info=&#8220;{}&#8220;]<\/p>\n<h1 class=\"module margin-collapse h1\"><span color=\"#b0170c\" style=\"color: #b0170c; font-size: xx-large;\"><b>Anfahrt<\/b><\/span><\/h1>\n<p><class=\"module h2\"><span style=\"font-size: medium;\"><strong><span itemprop=\"name\">Ihr Weg zu uns<\/span><\/strong><\/span><span color=\"#b0170c\"><b><\/b><\/span><br \/>\n<span color=\"#b0170c\"><b><\/b><\/span><br \/>\n<span style=\"font-size: medium;\"><\/span>[\/et_pb_text][\/et_pb_column][et_pb_column type=&#8220;2_3&#8243; module_class=&#8220;pa-text-over-image&#8220; _builder_version=&#8220;4.18.0&#8243; _module_preset=&#8220;default&#8220; global_colors_info=&#8220;{}&#8220;][et_pb_image src=&#8220;https:\/\/www.roetzelgmbh.de\/wp-1\/wp-content\/uploads\/2023\/08\/Map.jpg&#8220; alt=&#8220;Bild mit Kartenausschnitt um Bitzen, mit Link zu Google Maps&#8220; title_text=&#8220;Map&#8220; url=&#8220;https:\/\/www.google.com\/maps\/d\/embed?mid=1xyIgUkmVXDLhqvYfjAeXxEypBvHGomRD&#038;amp%3Bhl=de&#038;ll=50.793491700000025%2C7.693375000000011&#038;z=17&#8243; url_new_window=&#8220;on&#8220; admin_label=&#8220;Bild (Karte)&#8220; _builder_version=&#8220;4.27.4&#8243; _module_preset=&#8220;default&#8220; filter_brightness=&#8220;146%&#8220; filter_contrast=&#8220;94%&#8220; global_colors_info=&#8220;{}&#8220;][\/et_pb_image][et_pb_text disabled_on=&#8220;on|off|off&#8220; admin_label=&#8220;Text PC + Tablett&#8220; _builder_version=&#8220;4.27.4&#8243; _module_preset=&#8220;default&#8220; background_enable_color=&#8220;off&#8220; text_orientation=&#8220;center&#8220; module_alignment=&#8220;center&#8220; custom_padding=&#8220;|10%||10%|false|false&#8220; border_radii=&#8220;on|5px|5px|5px|5px&#8220; locked=&#8220;off&#8220; global_colors_info=&#8220;{}&#8220;]<\/p>\n<p style=\"text-align: center;\"><span style=\"font-size: large; color: #800000;\">Mit dem Laden der Karte werden Ihre personenbezogenen Daten an Google \u00fcbermittelt und Sie stimmen der\u00a0<a href=\"https:\/\/policies.google.com\/privacy?hl=de\" target=\"_blank\" rel=\"nofollow noopener noreferrer\" style=\"text-decoration: underline; color: #800000;\">Datenschutzerkl\u00e4rung von Google<\/a> zu.<\/span><\/p>\n<p style=\"text-align: center;\"><span style=\"color: #800000; font-size: x-large;\">Kart<\/span><span style=\"color: #800000; font-size: x-large;\">e<\/span><span style=\"color: #800000; font-size: x-large;\"> laden<\/span><\/p>\n<p>[\/et_pb_text][et_pb_text disabled_on=&#8220;off|on|on&#8220; admin_label=&#8220;Text Handy&#8220; _builder_version=&#8220;4.27.4&#8243; _module_preset=&#8220;default&#8220; text_orientation=&#8220;center&#8220; module_alignment=&#8220;center&#8220; custom_padding=&#8220;|10%||10%|false|false&#8220; locked=&#8220;off&#8220; global_colors_info=&#8220;{}&#8220;]<\/p>\n<p style=\"text-align: center;\"><span style=\"font-size: medium; color: #800000;\"><a href=\"https:\/\/www.google.com\/maps\/d\/embed?mid=1xyIgUkmVXDLhqvYfjAeXxEypBvHGomRD&amp;amp%3Bhl=de&amp;ll=50.793491700000025%2C7.693375000000011&amp;z=17\" target=\"_blank\" rel=\"noopener\" style=\"color: #800000;\">Mit dem Laden der Karte werden Ihre personenbezogenen Daten an Google \u00fcbermittelt und Sie stimmen der\u00a0<\/a><a href=\"https:\/\/policies.google.com\/privacy?hl=de\" target=\"_blank\" rel=\"nofollow noopener noreferrer\" style=\"text-decoration: underline; color: #800000;\">Datenschutzerkl\u00e4rung von Google<\/a> zu.<\/span><\/p>\n<p style=\"text-align: center;\"><span style=\"color: #800000;\"><span style=\"font-size: large;\">Karte<\/span><\/span><span style=\"color: #800000;\"><span style=\"font-size: large;\"> lad<\/span><\/span><span style=\"color: #800000;\"><span style=\"font-size: large;\">en<\/span><\/span><\/p>\n<p>[\/et_pb_text][\/et_pb_column][\/et_pb_row][\/et_pb_section]<\/p>\n","protected":false},"excerpt":{"rendered":"<p>Kontakt Baugesch\u00e4ft R\u00f6tzel GmbH Poststra\u00dfe 13 57539 Bitzen Telefon: 02682 \u2013 13 76 Mobil:\u00a0 \u00a0 0170 \u2013 77 25 89 7 Telefax:\u00a002682 \u2013 67 31 3 E-Mail:\u00a0 \u00a0info(at)roetzelgmbh.deKontakt Baugesch\u00e4ft R\u00f6tzel GmbH Poststra\u00dfe 13 57539 Bitzen Telefon:\u00a002682 \u2013 13 76 Mobil:\u00a0 \u00a0\u00a00170 \u2013 77 25 89 7 Telefax:\u00a002682 \u2013 67 31 3 E-Mail: info(at)roetzelgmbh.de&nbsp; &nbsp;Anfahrt Ihr [&hellip;]<\/p>\n","protected":false},"author":3,"featured_media":0,"parent":0,"menu_order":0,"comment_status":"closed","ping_status":"closed","template":"","meta":{"_et_pb_use_builder":"on","_et_pb_old_content":"","_et_gb_content_width":"","footnotes":""},"class_list":["post-1889","page","type-page","status-publish","hentry"],"_links":{"self":[{"href":"https:\/\/www.roetzelgmbh.de\/wp-1\/wp-json\/wp\/v2\/pages\/1889","targetHints":{"allow":["GET"]}}],"collection":[{"href":"https:\/\/www.roetzelgmbh.de\/wp-1\/wp-json\/wp\/v2\/pages"}],"about":[{"href":"https:\/\/www.roetzelgmbh.de\/wp-1\/wp-json\/wp\/v2\/types\/page"}],"author":[{"embeddable":true,"href":"https:\/\/www.roetzelgmbh.de\/wp-1\/wp-json\/wp\/v2\/users\/3"}],"replies":[{"embeddable":true,"href":"https:\/\/www.roetzelgmbh.de\/wp-1\/wp-json\/wp\/v2\/comments?post=1889"}],"version-history":[{"count":168,"href":"https:\/\/www.roetzelgmbh.de\/wp-1\/wp-json\/wp\/v2\/pages\/1889\/revisions"}],"predecessor-version":[{"id":4057,"href":"https:\/\/www.roetzelgmbh.de\/wp-1\/wp-json\/wp\/v2\/pages\/1889\/revisions\/4057"}],"wp:attachment":[{"href":"https:\/\/www.roetzelgmbh.de\/wp-1\/wp-json\/wp\/v2\/media?parent=1889"}],"curies":[{"name":"wp","href":"https:\/\/api.w.org\/{rel}","templated":true}]}}