{"id":1876,"date":"2021-01-03T15:49:53","date_gmt":"2021-01-03T14:49:53","guid":{"rendered":"https:\/\/www.roetzelgmbh.de\/wp-1\/?page_id=1876"},"modified":"2025-09-24T13:27:06","modified_gmt":"2025-09-24T11:27:06","slug":"ueber-uns","status":"publish","type":"page","link":"https:\/\/www.roetzelgmbh.de\/wp-1\/ueber-uns\/","title":{"rendered":"\u00dcber uns"},"content":{"rendered":"<p>[et_pb_section fb_built=&#8220;1&#8243; admin_label=&#8220;section&#8220; _builder_version=&#8220;4.16&#8243; global_colors_info=&#8220;{}&#8220;][et_pb_row admin_label=&#8220;Zeile&#8220; _builder_version=&#8220;4.16&#8243; background_size=&#8220;initial&#8220; background_position=&#8220;top_left&#8220; background_repeat=&#8220;repeat&#8220; global_colors_info=&#8220;{}&#8220;][et_pb_column type=&#8220;4_4&#8243; _builder_version=&#8220;4.16&#8243; custom_padding=&#8220;|||&#8220; global_colors_info=&#8220;{}&#8220; custom_padding__hover=&#8220;|||&#8220;][et_pb_text admin_label=&#8220;Unser Betrieb&#8220; module_id=&#8220;Inhaltsbeginn&#8220; _builder_version=&#8220;4.27.4&#8243; background_size=&#8220;initial&#8220; background_position=&#8220;top_left&#8220; background_repeat=&#8220;repeat&#8220; global_colors_info=&#8220;{}&#8220;]<\/p>\n<h1 class=\"module margin-collapse h1\"><strong><span style=\"color: #b0170c;\">Unser Betrieb<\/span><\/strong><\/h1>\n<p><strong><span style=\"color: ##b0170c;\"><\/span><\/strong><\/p>\n<p><span style=\"font-size: medium;\"><img decoding=\"async\" src=\"https:\/\/www.roetzelgmbh.de\/wp-1\/wp-content\/uploads\/2023\/08\/Altes_Haus-E.jpg\" width=\"30%\" alt=\"altes Bild mit Haus im Rohbau, Richtfest\" style=\"float: right; margin-left: 20px;\" \/>1933 wurde die Firma von Herrn Robert R\u00f6tzel gegr\u00fcndet. Der Sitz des Unternehmens ist seit der Gr\u00fcndung in 57539 Bitzen.<\/span><\/p>\n<p><span style=\"font-size: medium;\">In den 70er Jahren kaufte Robert R\u00f6tzel das ehemalige Grubengel\u00e4nde Sankt Andreas in Bitzen, wo sich heute das Lager f\u00fcr Baustoffe und Maschinen befindet.<\/span><\/p>\n<p><span style=\"font-size: medium;\">1987 wurde das Gesch\u00e4ft auf den Sohn Bernd R\u00f6tzel \u00fcbertragen.<\/span><span style=\"font-size: medium;\"><\/span><\/p>\n<p><span style=\"font-size: medium;\">1999 wurde die Einzelfirma in eine GmbH mit Baustoffhandel umgewandelt.<\/span><\/p>\n<p>[\/et_pb_text][\/et_pb_column][\/et_pb_row][et_pb_row admin_label=&#8220;Zeile&#8220; _builder_version=&#8220;4.16&#8243; background_size=&#8220;initial&#8220; background_position=&#8220;top_left&#8220; background_repeat=&#8220;repeat&#8220; global_colors_info=&#8220;{}&#8220;][et_pb_column type=&#8220;4_4&#8243; _builder_version=&#8220;4.16&#8243; custom_padding=&#8220;|||&#8220; global_colors_info=&#8220;{}&#8220; custom_padding__hover=&#8220;|||&#8220;][et_pb_text admin_label=&#8220;Unser Team&#8220; _builder_version=&#8220;4.27.4&#8243; background_size=&#8220;initial&#8220; background_position=&#8220;top_left&#8220; background_repeat=&#8220;repeat&#8220; hover_enabled=&#8220;0&#8243; global_colors_info=&#8220;{}&#8220; sticky_enabled=&#8220;0&#8243;]<\/p>\n<h1 class=\"module margin-collapse h1\"><strong><span style=\"color: #b0170c;\">Unser Team<\/span><\/strong><\/h1>\n<p><strong><span style=\"color: #b0170c;\"><\/span><\/strong><span style=\"font-size: medium;\">Aktuell sind in unserem Betrieb 1 Meister und 2 Bauarbeiter besch\u00e4ftigt.<\/span><\/p>\n<p>[\/et_pb_text][\/et_pb_column][\/et_pb_row][et_pb_row column_structure=&#8220;1_4,1_4,1_4,1_4&#8243; disabled_on=&#8220;on|on|off&#8220; admin_label=&#8220;Bernd PC&#8220; _builder_version=&#8220;4.16&#8243; _module_preset=&#8220;default&#8220; global_colors_info=&#8220;{}&#8220;][et_pb_column type=&#8220;1_4&#8243; _builder_version=&#8220;4.16&#8243; _module_preset=&#8220;default&#8220; global_colors_info=&#8220;{}&#8220;][et_pb_text admin_label=&#8220;Text Bernd&#8220; _builder_version=&#8220;4.27.4&#8243; _module_preset=&#8220;default&#8220; module_alignment=&#8220;center&#8220; global_colors_info=&#8220;{}&#8220;]<\/p>\n<p style=\"text-align: center;\"><span style=\"font-size: medium;\"><strong>Bernd R\u00f6tzel<\/strong><\/span><\/p>\n<p style=\"text-align: center;\"><span style=\"font-size: medium;\">Maurermeister<\/span><\/p>\n<p>[\/et_pb_text][\/et_pb_column][et_pb_column type=&#8220;1_4&#8243; _builder_version=&#8220;4.16&#8243; _module_preset=&#8220;default&#8220; global_colors_info=&#8220;{}&#8220;][et_pb_text admin_label=&#8220;Bild Bernd&#8220; _builder_version=&#8220;4.27.4&#8243; _module_preset=&#8220;default&#8220; module_alignment=&#8220;center&#8220; global_colors_info=&#8220;{}&#8220;]<img decoding=\"async\" src=\"https:\/\/www.roetzelgmbh.de\/wp-1\/wp-content\/uploads\/2023\/08\/Bernd-Bild-E.jpg\" width=\"100%\" alt =\"Portraitfoto von Bernd R\u00f6tzel\"\/>[\/et_pb_text][\/et_pb_column][et_pb_column type=&#8220;1_4&#8243; _builder_version=&#8220;4.16&#8243; _module_preset=&#8220;default&#8220; global_colors_info=&#8220;{}&#8220;][et_pb_text admin_label=&#8220;Meisterbrief Bernd&#8220; _builder_version=&#8220;4.27.4&#8243; _module_preset=&#8220;default&#8220; width=&#8220;98%&#8220; module_alignment=&#8220;center&#8220; border_width_all=&#8220;1px&#8220; border_color_all=&#8220;#B3B3B3&#8243; global_colors_info=&#8220;{}&#8220;]<img decoding=\"async\" src=\"https:\/\/www.roetzelgmbh.de\/wp-1\/wp-content\/uploads\/2023\/08\/Bernd-Meisterbrief-E.jpg\" width=\"100%\" alt =\"Bild vom goldenen Meisterbrief Bernd R\u00f6tzel\"\/>[\/et_pb_text][\/et_pb_column][et_pb_column type=&#8220;1_4&#8243; _builder_version=&#8220;4.16&#8243; _module_preset=&#8220;default&#8220; global_colors_info=&#8220;{}&#8220;][\/et_pb_column][\/et_pb_row][et_pb_row column_structure=&#8220;1_4,1_4,1_2&#8243; disabled_on=&#8220;off|off|on&#8220; admin_label=&#8220;Bernd Tablet + Handy&#8220; _builder_version=&#8220;4.16&#8243; _module_preset=&#8220;default&#8220; global_colors_info=&#8220;{}&#8220;][et_pb_column type=&#8220;1_4&#8243; _builder_version=&#8220;4.16&#8243; _module_preset=&#8220;default&#8220; global_colors_info=&#8220;{}&#8220;][et_pb_text admin_label=&#8220;Text Bernd&#8220; _builder_version=&#8220;4.27.4&#8243; _module_preset=&#8220;default&#8220; module_alignment=&#8220;center&#8220; global_colors_info=&#8220;{}&#8220;]<\/p>\n<p style=\"text-align: center;\"><span style=\"font-size: medium;\"><strong>Bernd R\u00f6tzel<\/strong><\/span><\/p>\n<p style=\"text-align: center;\"><span style=\"font-size: medium;\">Maurermeister<\/span><\/p>\n<p>[\/et_pb_text][et_pb_text admin_label=&#8220;Bild Bernd&#8220; _builder_version=&#8220;4.27.4&#8243; _module_preset=&#8220;default&#8220; module_alignment=&#8220;center&#8220; global_colors_info=&#8220;{}&#8220;]<\/p>\n<p style=\"text-align: center;\"><img decoding=\"async\" src=\"https:\/\/www.roetzelgmbh.de\/wp-1\/wp-content\/uploads\/2023\/08\/Bernd-Bild-E.jpg\" width=\"66%\" alt =\"Portraitfoto von Bernd R\u00f6tzel\"\/><\/p>\n<p>[\/et_pb_text][\/et_pb_column][et_pb_column type=&#8220;1_4&#8243; _builder_version=&#8220;4.16&#8243; _module_preset=&#8220;default&#8220; global_colors_info=&#8220;{}&#8220;][et_pb_text admin_label=&#8220;Abstand&#8220; _builder_version=&#8220;4.27.4&#8243; _module_preset=&#8220;default&#8220; background_enable_color=&#8220;off&#8220; module_alignment=&#8220;center&#8220; custom_padding=&#8220;4px||||false|false&#8220; global_colors_info=&#8220;{}&#8220;]<\/p>\n<p>&nbsp;<\/p>\n<p>&nbsp;<\/p>\n<p>[\/et_pb_text][et_pb_text admin_label=&#8220;Meisterbrief Bernd&#8220; _builder_version=&#8220;4.27.4&#8243; _module_preset=&#8220;default&#8220; width=&#8220;65%&#8220; module_alignment=&#8220;center&#8220; border_width_all=&#8220;1px&#8220; border_color_all=&#8220;#B3B3B3&#8243; global_colors_info=&#8220;{}&#8220;]<\/p>\n<p style=\"text-align: center;\"><img decoding=\"async\" src=\"https:\/\/www.roetzelgmbh.de\/wp-1\/wp-content\/uploads\/2023\/08\/Bernd-Meisterbrief-E.jpg\" width=\"100%\" alt =\"Bild vom goldenen Meisterbrief Bernd R\u00f6tzel\"\/><\/p>\n<p>[\/et_pb_text][\/et_pb_column][et_pb_column type=&#8220;1_2&#8243; _builder_version=&#8220;4.16&#8243; _module_preset=&#8220;default&#8220; global_colors_info=&#8220;{}&#8220;][\/et_pb_column][\/et_pb_row][et_pb_row column_structure=&#8220;1_4,1_4,1_4,1_4&#8243; disabled_on=&#8220;on|on|off&#8220; admin_label=&#8220;Florian PC&#8220; _builder_version=&#8220;4.16&#8243; _module_preset=&#8220;default&#8220; global_colors_info=&#8220;{}&#8220;][et_pb_column type=&#8220;1_4&#8243; _builder_version=&#8220;4.16&#8243; _module_preset=&#8220;default&#8220; global_colors_info=&#8220;{}&#8220;][et_pb_text admin_label=&#8220;Text Florian&#8220; _builder_version=&#8220;4.16&#8243; _module_preset=&#8220;default&#8220; module_alignment=&#8220;center&#8220; global_colors_info=&#8220;{}&#8220;]<\/p>\n<p style=\"text-align: center;\"><span style=\"font-size: medium;\"><strong>Florian R\u00f6tzel<\/strong><\/span><\/p>\n<p style=\"text-align: center;\"><span style=\"font-size: medium;\">Baufacharbeiter<\/span><\/p>\n<p>[\/et_pb_text][\/et_pb_column][et_pb_column type=&#8220;1_4&#8243; _builder_version=&#8220;4.16&#8243; _module_preset=&#8220;default&#8220; global_colors_info=&#8220;{}&#8220;][et_pb_text admin_label=&#8220;Bild Florian&#8220; _builder_version=&#8220;4.27.4&#8243; _module_preset=&#8220;default&#8220; module_alignment=&#8220;center&#8220; hover_enabled=&#8220;0&#8243; global_colors_info=&#8220;{}&#8220; sticky_enabled=&#8220;0&#8243;]<img decoding=\"async\" src=\"https:\/\/www.roetzelgmbh.de\/wp-1\/wp-content\/uploads\/2025\/09\/Florian-E.jpg\" width=\"100%\" alt=\"Portraitfoto von Florian R\u00f6tzel\" \/>[\/et_pb_text][\/et_pb_column][et_pb_column type=&#8220;1_4&#8243; _builder_version=&#8220;4.16&#8243; _module_preset=&#8220;default&#8220; global_colors_info=&#8220;{}&#8220;][\/et_pb_column][et_pb_column type=&#8220;1_4&#8243; _builder_version=&#8220;4.16&#8243; _module_preset=&#8220;default&#8220; global_colors_info=&#8220;{}&#8220;][\/et_pb_column][\/et_pb_row][et_pb_row column_structure=&#8220;1_4,1_4,1_2&#8243; disabled_on=&#8220;off|off|on&#8220; admin_label=&#8220;Florian Tablet + Handy&#8220; _builder_version=&#8220;4.16&#8243; _module_preset=&#8220;default&#8220; global_colors_info=&#8220;{}&#8220;][et_pb_column type=&#8220;1_4&#8243; _builder_version=&#8220;4.16&#8243; _module_preset=&#8220;default&#8220; global_colors_info=&#8220;{}&#8220;][et_pb_text admin_label=&#8220;Text Florian&#8220; _builder_version=&#8220;4.16&#8243; _module_preset=&#8220;default&#8220; module_alignment=&#8220;center&#8220; global_colors_info=&#8220;{}&#8220;]<\/p>\n<p style=\"text-align: center;\"><span style=\"font-size: medium;\"><strong>Florian R\u00f6tzel<\/strong><\/span><\/p>\n<p style=\"text-align: center;\"><span style=\"font-size: medium;\">Baufacharbeiter<\/span><\/p>\n<p>[\/et_pb_text][et_pb_text admin_label=&#8220;Bild Florian&#8220; _builder_version=&#8220;4.27.4&#8243; _module_preset=&#8220;default&#8220; text_orientation=&#8220;center&#8220; width=&#8220;100%&#8220; module_alignment=&#8220;center&#8220; hover_enabled=&#8220;0&#8243; global_colors_info=&#8220;{}&#8220; sticky_enabled=&#8220;0&#8243;]<\/p>\n<p style=\"text-align: center;\"><img decoding=\"async\" src=\"https:\/\/www.roetzelgmbh.de\/wp-1\/wp-content\/uploads\/2025\/09\/Florian-E.jpg\" width=\"66%\" alt=\"Portraitfoto von Florian R\u00f6tzel\" \/><\/p>\n<p>[\/et_pb_text][\/et_pb_column][et_pb_column type=&#8220;1_4&#8243; _builder_version=&#8220;4.16&#8243; _module_preset=&#8220;default&#8220; global_colors_info=&#8220;{}&#8220;][et_pb_text admin_label=&#8220;Abstand&#8220; _builder_version=&#8220;4.27.4&#8243; _module_preset=&#8220;default&#8220; background_enable_color=&#8220;off&#8220; module_alignment=&#8220;center&#8220; custom_padding=&#8220;||4px||false|false&#8220; global_colors_info=&#8220;{}&#8220;][\/et_pb_text][\/et_pb_column][et_pb_column type=&#8220;1_2&#8243; _builder_version=&#8220;4.16&#8243; _module_preset=&#8220;default&#8220; global_colors_info=&#8220;{}&#8220;][\/et_pb_column][\/et_pb_row][et_pb_row column_structure=&#8220;1_4,1_4,1_4,1_4&#8243; disabled_on=&#8220;on|on|off&#8220; admin_label=&#8220;Tanja PC&#8220; _builder_version=&#8220;4.16&#8243; _module_preset=&#8220;default&#8220; global_colors_info=&#8220;{}&#8220;][et_pb_column type=&#8220;1_4&#8243; _builder_version=&#8220;4.16&#8243; _module_preset=&#8220;default&#8220; global_colors_info=&#8220;{}&#8220;][et_pb_text admin_label=&#8220;Text Tanja&#8220; _builder_version=&#8220;4.27.4&#8243; _module_preset=&#8220;default&#8220; module_alignment=&#8220;center&#8220; hover_enabled=&#8220;0&#8243; global_colors_info=&#8220;{}&#8220; sticky_enabled=&#8220;0&#8243;]<\/p>\n<p style=\"text-align: center;\"><span style=\"font-size: medium;\"><strong>Tanja R\u00f6tzel<\/strong><\/span><\/p>\n<p style=\"text-align: center;\"><span style=\"font-size: medium;\">Architektin<\/span><\/p>\n<p>[\/et_pb_text][\/et_pb_column][et_pb_column type=&#8220;1_4&#8243; _builder_version=&#8220;4.16&#8243; _module_preset=&#8220;default&#8220; global_colors_info=&#8220;{}&#8220;][et_pb_text admin_label=&#8220;Bild Tanja&#8220; _builder_version=&#8220;4.27.4&#8243; _module_preset=&#8220;default&#8220; module_alignment=&#8220;center&#8220; hover_enabled=&#8220;0&#8243; global_colors_info=&#8220;{}&#8220; sticky_enabled=&#8220;0&#8243;]<img decoding=\"async\" src=\"https:\/\/www.roetzelgmbh.de\/wp-1\/wp-content\/uploads\/2025\/09\/Tanja-E.jpg\" width=\"100%\" alt=\"Portraitfoto von Tanja R\u00f6tzel\" \/>[\/et_pb_text][\/et_pb_column][et_pb_column type=&#8220;1_4&#8243; _builder_version=&#8220;4.16&#8243; _module_preset=&#8220;default&#8220; global_colors_info=&#8220;{}&#8220;][\/et_pb_column][et_pb_column type=&#8220;1_4&#8243; _builder_version=&#8220;4.16&#8243; _module_preset=&#8220;default&#8220; global_colors_info=&#8220;{}&#8220;][\/et_pb_column][\/et_pb_row][et_pb_row column_structure=&#8220;1_4,1_4,1_4,1_4&#8243; disabled_on=&#8220;off|off|on&#8220; admin_label=&#8220;Tanja Tablet + Handy&#8220; _builder_version=&#8220;4.16&#8243; _module_preset=&#8220;default&#8220; global_colors_info=&#8220;{}&#8220;][et_pb_column type=&#8220;1_4&#8243; _builder_version=&#8220;4.16&#8243; _module_preset=&#8220;default&#8220; global_colors_info=&#8220;{}&#8220;][et_pb_text admin_label=&#8220;Text Tanja&#8220; _builder_version=&#8220;4.27.4&#8243; _module_preset=&#8220;default&#8220; module_alignment=&#8220;center&#8220; hover_enabled=&#8220;0&#8243; global_colors_info=&#8220;{}&#8220; sticky_enabled=&#8220;0&#8243;]<\/p>\n<p style=\"text-align: center;\"><span style=\"font-size: medium;\"><strong>Tanja R\u00f6tzel<\/strong><\/span><\/p>\n<p style=\"text-align: center;\"><span style=\"font-size: medium;\">Architektin<\/span><\/p>\n<p>[\/et_pb_text][et_pb_text admin_label=&#8220;Bild Tanja&#8220; _builder_version=&#8220;4.27.4&#8243; _module_preset=&#8220;default&#8220; text_orientation=&#8220;center&#8220; width=&#8220;100%&#8220; module_alignment=&#8220;center&#8220; hover_enabled=&#8220;0&#8243; global_colors_info=&#8220;{}&#8220; sticky_enabled=&#8220;0&#8243;]<\/p>\n<p style=\"text-align: center;\"><img decoding=\"async\" src=\"https:\/\/www.roetzelgmbh.de\/wp-1\/wp-content\/uploads\/2025\/09\/Tanja-E.jpg\" width=\"66%\" alt=\"Portraitfoto von Tanja R\u00f6tzel\" \/><\/p>\n<p>[\/et_pb_text][\/et_pb_column][et_pb_column type=&#8220;1_4&#8243; _builder_version=&#8220;4.16&#8243; _module_preset=&#8220;default&#8220; global_colors_info=&#8220;{}&#8220;][et_pb_text admin_label=&#8220;Abstand&#8220; _builder_version=&#8220;4.16&#8243; _module_preset=&#8220;default&#8220; background_enable_color=&#8220;off&#8220; module_alignment=&#8220;center&#8220; custom_padding=&#8220;||4px||false|false&#8220; global_colors_info=&#8220;{}&#8220;]&nbsp;<\/p>\n<p>&nbsp;<br \/>\n&nbsp;[\/et_pb_text][\/et_pb_column][et_pb_column type=&#8220;1_4&#8243; _builder_version=&#8220;4.16&#8243; _module_preset=&#8220;default&#8220; global_colors_info=&#8220;{}&#8220;][\/et_pb_column][et_pb_column type=&#8220;1_4&#8243; _builder_version=&#8220;4.16&#8243; _module_preset=&#8220;default&#8220; global_colors_info=&#8220;{}&#8220;][\/et_pb_column][\/et_pb_row][et_pb_row column_structure=&#8220;1_4,1_4,1_4,1_4&#8243; disabled_on=&#8220;on|on|on&#8220; admin_label=&#8220;Melanie PC&#8220; _builder_version=&#8220;4.16&#8243; _module_preset=&#8220;default&#8220; global_colors_info=&#8220;{}&#8220; disabled=&#8220;on&#8220;][et_pb_column type=&#8220;1_4&#8243; _builder_version=&#8220;4.16&#8243; _module_preset=&#8220;default&#8220; global_colors_info=&#8220;{}&#8220;][et_pb_text admin_label=&#8220;Text Melanie&#8220; _builder_version=&#8220;4.27.4&#8243; _module_preset=&#8220;default&#8220; module_alignment=&#8220;center&#8220; global_colors_info=&#8220;{}&#8220;]<\/p>\n<p style=\"text-align: center;\"><span style=\"font-size: medium;\"><strong>Melanie R\u00f6tzel<\/strong><\/span><\/p>\n<p style=\"text-align: center;\"><span style=\"font-size: medium;\">Gesch\u00e4ftsf\u00fchrerin<\/span><\/p>\n<p>[\/et_pb_text][\/et_pb_column][et_pb_column type=&#8220;1_4&#8243; _builder_version=&#8220;4.16&#8243; _module_preset=&#8220;default&#8220; global_colors_info=&#8220;{}&#8220;][et_pb_text admin_label=&#8220;Bild Melanie&#8220; _builder_version=&#8220;4.27.4&#8243; _module_preset=&#8220;default&#8220; module_alignment=&#8220;center&#8220; global_colors_info=&#8220;{}&#8220;]<img decoding=\"async\" src=\"https:\/\/www.roetzelgmbh.de\/wp-1\/wp-content\/uploads\/2024\/12\/Melanie-Bild.jpg\" width=\"100%\" alt=\"Portraitfoto von Melanie R\u00f6tzel\" class=\"wp-image-3408 alignnone size-medium\" srcset=\"https:\/\/www.roetzelgmbh.de\/wp-1\/wp-content\/uploads\/2024\/12\/Melanie-Bild.jpg 401w, https:\/\/www.roetzelgmbh.de\/wp-1\/wp-content\/uploads\/2024\/12\/Melanie-Bild-231x300.jpg 231w, https:\/\/www.roetzelgmbh.de\/wp-1\/wp-content\/uploads\/2024\/12\/Melanie-Bild-18x24.jpg 18w, https:\/\/www.roetzelgmbh.de\/wp-1\/wp-content\/uploads\/2024\/12\/Melanie-Bild-28x36.jpg 28w, https:\/\/www.roetzelgmbh.de\/wp-1\/wp-content\/uploads\/2024\/12\/Melanie-Bild-31x40.jpg 31w\" sizes=\"(max-width: 401px) 100vw, 401px\" \/>[\/et_pb_text][\/et_pb_column][et_pb_column type=&#8220;1_4&#8243; _builder_version=&#8220;4.16&#8243; _module_preset=&#8220;default&#8220; global_colors_info=&#8220;{}&#8220;][\/et_pb_column][et_pb_column type=&#8220;1_4&#8243; _builder_version=&#8220;4.16&#8243; _module_preset=&#8220;default&#8220; global_colors_info=&#8220;{}&#8220;][\/et_pb_column][\/et_pb_row][et_pb_row column_structure=&#8220;1_4,1_4,1_2&#8243; disabled_on=&#8220;on|on|on&#8220; admin_label=&#8220;Melanie Tablet + Handy&#8220; _builder_version=&#8220;4.16&#8243; _module_preset=&#8220;default&#8220; global_colors_info=&#8220;{}&#8220; disabled=&#8220;on&#8220;][et_pb_column type=&#8220;1_4&#8243; _builder_version=&#8220;4.16&#8243; _module_preset=&#8220;default&#8220; global_colors_info=&#8220;{}&#8220;][et_pb_text admin_label=&#8220;Text Melanie&#8220; _builder_version=&#8220;4.27.4&#8243; _module_preset=&#8220;default&#8220; module_alignment=&#8220;center&#8220; global_colors_info=&#8220;{}&#8220;]<\/p>\n<p style=\"text-align: center;\"><span style=\"font-size: medium;\"><strong>Melanie R\u00f6tzel<\/strong><\/span><\/p>\n<p style=\"text-align: center;\"><span style=\"font-size: medium;\">Gesch\u00e4ftsf\u00fchrerin<\/span><\/p>\n<p>[\/et_pb_text][et_pb_text admin_label=&#8220;Bild Melanie&#8220; _builder_version=&#8220;4.27.4&#8243; _module_preset=&#8220;default&#8220; module_alignment=&#8220;center&#8220; global_colors_info=&#8220;{}&#8220;]<\/p>\n<p style=\"text-align: center;\"><img decoding=\"async\" src=\"https:\/\/www.roetzelgmbh.de\/wp-1\/wp-content\/uploads\/2024\/12\/Melanie-Bild.jpg\" width=\"66%\" alt=\"Portraitfoto von Melanie R\u00f6tzel\" class=\"wp-image-3408 alignnone size-medium\" srcset=\"https:\/\/www.roetzelgmbh.de\/wp-1\/wp-content\/uploads\/2024\/12\/Melanie-Bild.jpg 401w, https:\/\/www.roetzelgmbh.de\/wp-1\/wp-content\/uploads\/2024\/12\/Melanie-Bild-231x300.jpg 231w, https:\/\/www.roetzelgmbh.de\/wp-1\/wp-content\/uploads\/2024\/12\/Melanie-Bild-18x24.jpg 18w, https:\/\/www.roetzelgmbh.de\/wp-1\/wp-content\/uploads\/2024\/12\/Melanie-Bild-28x36.jpg 28w, https:\/\/www.roetzelgmbh.de\/wp-1\/wp-content\/uploads\/2024\/12\/Melanie-Bild-31x40.jpg 31w\" sizes=\"(max-width: 401px) 100vw, 401px\" \/><\/p>\n<p>[\/et_pb_text][\/et_pb_column][et_pb_column type=&#8220;1_4&#8243; _builder_version=&#8220;4.16&#8243; _module_preset=&#8220;default&#8220; global_colors_info=&#8220;{}&#8220;][\/et_pb_column][et_pb_column type=&#8220;1_2&#8243; _builder_version=&#8220;4.16&#8243; _module_preset=&#8220;default&#8220; global_colors_info=&#8220;{}&#8220;][\/et_pb_column][\/et_pb_row][\/et_pb_section]<\/p>\n","protected":false},"excerpt":{"rendered":"<p>Unser Betrieb 1933 wurde die Firma von Herrn Robert R\u00f6tzel gegr\u00fcndet. Der Sitz des Unternehmens ist seit der Gr\u00fcndung in 57539 Bitzen. In den 70er Jahren kaufte Robert R\u00f6tzel das ehemalige Grubengel\u00e4nde Sankt Andreas in Bitzen, wo sich heute das Lager f\u00fcr Baustoffe und Maschinen befindet. 1987 wurde das Gesch\u00e4ft auf den Sohn Bernd R\u00f6tzel [&hellip;]<\/p>\n","protected":false},"author":3,"featured_media":0,"parent":0,"menu_order":0,"comment_status":"closed","ping_status":"closed","template":"","meta":{"_et_pb_use_builder":"on","_et_pb_old_content":"","_et_gb_content_width":"","footnotes":""},"class_list":["post-1876","page","type-page","status-publish","hentry"],"_links":{"self":[{"href":"https:\/\/www.roetzelgmbh.de\/wp-1\/wp-json\/wp\/v2\/pages\/1876","targetHints":{"allow":["GET"]}}],"collection":[{"href":"https:\/\/www.roetzelgmbh.de\/wp-1\/wp-json\/wp\/v2\/pages"}],"about":[{"href":"https:\/\/www.roetzelgmbh.de\/wp-1\/wp-json\/wp\/v2\/types\/page"}],"author":[{"embeddable":true,"href":"https:\/\/www.roetzelgmbh.de\/wp-1\/wp-json\/wp\/v2\/users\/3"}],"replies":[{"embeddable":true,"href":"https:\/\/www.roetzelgmbh.de\/wp-1\/wp-json\/wp\/v2\/comments?post=1876"}],"version-history":[{"count":119,"href":"https:\/\/www.roetzelgmbh.de\/wp-1\/wp-json\/wp\/v2\/pages\/1876\/revisions"}],"predecessor-version":[{"id":4109,"href":"https:\/\/www.roetzelgmbh.de\/wp-1\/wp-json\/wp\/v2\/pages\/1876\/revisions\/4109"}],"wp:attachment":[{"href":"https:\/\/www.roetzelgmbh.de\/wp-1\/wp-json\/wp\/v2\/media?parent=1876"}],"curies":[{"name":"wp","href":"https:\/\/api.w.org\/{rel}","templated":true}]}}