{"id":1846,"date":"2021-01-03T15:25:18","date_gmt":"2021-01-03T14:25:18","guid":{"rendered":"https:\/\/www.roetzelgmbh.de\/wp-1\/?page_id=1846"},"modified":"2025-09-24T13:15:19","modified_gmt":"2025-09-24T11:15:19","slug":"impressum-datenschutz","status":"publish","type":"page","link":"https:\/\/www.roetzelgmbh.de\/wp-1\/impressum-datenschutz\/","title":{"rendered":"Impressum &#038; Datenschutz"},"content":{"rendered":"<p>[et_pb_section fb_built=&#8220;1&#8243; admin_label=&#8220;section&#8220; _builder_version=&#8220;4.16&#8243; global_colors_info=&#8220;{}&#8220;][et_pb_row _builder_version=&#8220;4.16&#8243; _module_preset=&#8220;default&#8220; global_colors_info=&#8220;{}&#8220;][et_pb_column type=&#8220;4_4&#8243; _builder_version=&#8220;4.16&#8243; _module_preset=&#8220;default&#8220; global_colors_info=&#8220;{}&#8220;][et_pb_text admin_label=&#8220;\u00dcberschrift Impressum&#8220; module_id=&#8220;Inhaltsbeginn&#8220; _builder_version=&#8220;4.27.4&#8243; _module_preset=&#8220;default&#8220; custom_padding=&#8220;||0px|||&#8220; global_colors_info=&#8220;{}&#8220;]<\/p>\n<h1 class=\"module margin-collapse h1\"><span style=\"color: #b0170c;\"><strong>IMPRESSUM<\/strong><\/span><\/h1>\n<h2 class=\"module h2\"><span><span style=\"font-size: large;\">IMPRESSUMSPFLICHT NACH \u00a75 TELEMEDIENGESETZ (TMG)<\/span><\/span><\/h2>\n<p>[\/et_pb_text][\/et_pb_column][\/et_pb_row][et_pb_row column_structure=&#8220;1_2,1_2&#8243; _builder_version=&#8220;4.16&#8243; _module_preset=&#8220;default&#8220; global_colors_info=&#8220;{}&#8220;][et_pb_column type=&#8220;1_2&#8243; _builder_version=&#8220;4.16&#8243; _module_preset=&#8220;default&#8220; global_colors_info=&#8220;{}&#8220;][et_pb_text admin_label=&#8220;Adresse&#8220; _builder_version=&#8220;4.27.4&#8243; _module_preset=&#8220;default&#8220; global_colors_info=&#8220;{}&#8220;]<\/p>\n<article class=\"module text\"><span style=\"font-size: medium;\"><strong>Hausanschrift:<\/strong><\/span><\/article>\n<article class=\"module text\"><span itemprop=\"name\" style=\"font-size: medium;\"><\/span><\/article>\n<article class=\"module text\"><span itemprop=\"name\" style=\"font-size: medium;\"><\/span><\/article>\n<article class=\"module text\"><span style=\"font-size: medium;\"><strong><\/strong><\/span><\/article>\n<p><span style=\"font-size: medium;\"><span itemprop=\"name\">Baugesch\u00e4ft R\u00f6tzel Gmb<\/span><span itemprop=\"name\">H<\/span><\/span><br \/><span style=\"font-size: medium;\"> Poststra\u00dfe 13<\/span><br \/><span style=\"font-size: medium;\"> 57539 Bitzen<\/span><br \/><span style=\"font-size: medium;\"> Telefon: 02682 \u2013 13 76<\/span><br \/><span style=\"font-size: medium;\"> Telefax:\u00a0<span itemprop=\"faxNumber\">02682 \u2013 67 31 3<\/span><\/span><br \/><span style=\"color: #b0170c; font-size: medium;\"> <span style=\"color: #595959;\">E-Mail:<\/span> <a itemprop=\"email\" href=\"mailto:info@roetzelgmbh.de\" data-track-event=\"click\" data-track-action=\"tapToEmail\" style=\"color: #b0170c;\">info(at)roetzelgmbh.de<\/a><\/span><\/p>\n<p><span style=\"font-size: medium;\"><b>Lageranschrift:<\/b>\u00a0 Im Wahlenborn<\/span><\/p>\n<p>[\/et_pb_text][\/et_pb_column][et_pb_column type=&#8220;1_2&#8243; _builder_version=&#8220;4.16&#8243; _module_preset=&#8220;default&#8220; global_colors_info=&#8220;{}&#8220;][et_pb_text admin_label=&#8220;Firmendaten&#8220; _builder_version=&#8220;4.27.4&#8243; _module_preset=&#8220;default&#8220; custom_padding=&#8220;||0px|||&#8220; hover_enabled=&#8220;0&#8243; global_colors_info=&#8220;{}&#8220; sticky_enabled=&#8220;0&#8243;]<\/p>\n<p><span style=\"font-size: medium;\"><strong>Gesch\u00e4ftsf\u00fchrer:<br \/><\/strong>Bernd R\u00f6tzel<\/span><\/p>\n<p><span style=\"font-size: medium;\"><strong>Handelsregister:<\/strong><\/span><br \/><span style=\"font-size: medium;\"> Amtsgericht Montabaur<\/span><br \/><span style=\"font-size: medium;\">HRB 13799<\/span><br \/><span style=\"font-size: medium;\"> Steuer Nr.:\u00a0 02\/650\/09019<\/span><\/p>\n<p>[\/et_pb_text][\/et_pb_column][\/et_pb_row][et_pb_row admin_label=&#8220;Zeile&#8220; _builder_version=&#8220;4.16&#8243; background_size=&#8220;initial&#8220; background_position=&#8220;top_left&#8220; background_repeat=&#8220;repeat&#8220; global_colors_info=&#8220;{}&#8220;][et_pb_column type=&#8220;4_4&#8243; _builder_version=&#8220;4.16&#8243; custom_padding=&#8220;|||&#8220; global_colors_info=&#8220;{}&#8220; custom_padding__hover=&#8220;|||&#8220;][et_pb_text admin_label=&#8220;Datenschutzerkl\u00e4rung&#8220; _builder_version=&#8220;4.27.4&#8243; background_size=&#8220;initial&#8220; background_position=&#8220;top_left&#8220; background_repeat=&#8220;repeat&#8220; global_colors_info=&#8220;{}&#8220;]<\/p>\n<p class=\"module margin-collapse h1\"><span style=\"font-size: 14px; color: #595959;\">\u00a0<\/span><\/p>\n<h1><strong style=\"color: #b0170c; font-size: 30px;\">DATENSCHUTZ<\/strong><\/h1>\n<h2 class=\"module h2\"><span><span style=\"font-size: large;\">ALLGEMEINE HINWEISE UND PFLICHTINFORMATIONEN<\/span><\/span><\/h2>\n<p><strong><\/strong><\/p>\n<p><span style=\"font-size: medium;\"><strong>Haftungshinweis<\/strong><\/span><br \/><span style=\"font-size: medium;\">Das Landgericht Hamburg hat mit dem Urteil vom 12.05.1998 entschieden, dass man durch die Ausbringung eines Links die Inhalte der gelinkten Seite gegebenenfalls mit zu verantworten hat. Dies kann \u2013 so das LG \u2013 nur dadurch verhindert werden, dass man sich ausdr\u00fccklich von diesen Inhalten distanziert. Wir haben auf dieser Seite Links zu anderen Seiten im Internet gelegt. F\u00fcr all diese Links gilt: <span>\u201e<\/span>Wir m\u00f6chten ausdr\u00fccklich betonen, dass wir keinerlei Einfluss auf die Gestaltung und die Inhalte der gelinkten Seiten haben. Deshalb distanzieren wir uns hiermit ausdr\u00fccklich von allen Inhalten aller verlinkten Seiten auf dieser gesamten Website inkl. aller Unterseiten. Diese Erkl\u00e4rung gilt f\u00fcr alle auf dieser Website ausgebrachten Links und f\u00fcr alle Inhalte der Seiten, zu denen Links oder Banner f\u00fchren.&#8220;<\/span><\/p>\n<p><span style=\"font-size: medium;\"><strong>Hinweis zur Verwendung<\/strong><\/span><br \/><span style=\"font-size: medium;\">Es ist untersagt, die angegeben Daten wie Anschrift, E-Mail Adressen, Telefon- und Faxnummer usw. f\u00fcr Spam- und Werbezwecke ohne einer Genehmigung von uns zu missbrauchen.<\/span><\/p>\n<p><span style=\"font-size: medium;\"><strong>Geltungsbereich<\/strong><\/span><br \/><span style=\"font-size: medium;\">Diese Datenschutzerkl\u00e4rung, Stand 01.01.2021, gilt f\u00fcr das Internet-Angebot www.roetzelgmbh.de der Baugesch\u00e4ft R\u00f6tzel GmbH und die dort angebotenen eigenen Inhalte. F\u00fcr Inhalte anderer Anbieter, auf die z. B. \u00fcber Links verwiesen wird, gelten die dortigen Bestimmungen. Insbesondere sind diese gem\u00e4\u00df \u00a7 7 Abs. 1 Telemediengesetz (TMG) f\u00fcr eigene Inhalte verantwortlich.<\/span><\/p>\n<p><span style=\"font-size: medium;\"><strong>Verantwortlichen Stelle<\/strong><\/span><br \/><span style=\"font-size: medium;\">Die verantwortliche Stelle f\u00fcr die Datenverarbeitung auf dieser Website ist:<\/span><\/p>\n<p><span style=\"font-size: medium;\"><span itemprop=\"name\">Baugesch\u00e4ft R\u00f6tzel Gmb<\/span><span itemprop=\"name\">H<\/span><\/span><br \/><span style=\"font-size: medium;\">Poststra\u00dfe 13<\/span><br \/><span style=\"font-size: medium;\">57539 Bitzen<\/span><br \/><span style=\"font-size: medium;\">Telefon: 02682 \u2013 13 76<\/span><br \/><span style=\"font-size: medium;\">Telefax:\u00a0<span itemprop=\"faxNumber\">02682 \u2013 67 31 3<\/span><\/span><br \/><span style=\"font-size: medium;\"><span style=\"color: #595959;\">E-Mail:<\/span><span style=\"color: #e02b20;\"> <a itemprop=\"email\" href=\"mailto:info@roetzelgmbh.de\" data-track-event=\"click\" data-track-action=\"tapToEmail\" style=\"color: #b0170c;\">info(at)roetzelgmbh.de<\/a><\/span><\/span><\/p>\n<p><span style=\"font-size: medium;\">Die verantwortliche Stelle entscheidet allein oder gemeinsam mit anderen \u00fcber die Zwecke und Mittel der Verarbeitung von personenbezogenen Daten (z.B. Namen, Kontaktdaten o. \u00c4.).<\/span><\/p>\n<p><span style=\"font-size: medium;\"><strong>Widerruf Ihrer Einwilligung zur Datenverarbeitung<\/strong><\/span><br \/><span style=\"font-size: medium;\">Nur mit Ihrer ausdr\u00fccklichen Einwilligung sind einige Vorg\u00e4nge der Datenverarbeitung m\u00f6glich. Ein Widerruf Ihrer bereits erteilten Einwilligung ist jederzeit m\u00f6glich. F\u00fcr den Widerruf gen\u00fcgt eine formlose Mitteilung per E-Mail. Die Rechtm\u00e4\u00dfigkeit der bis zum Widerruf erfolgten Datenverarbeitung bleibt vom Widerruf unber\u00fchrt.<\/span><\/p>\n<p><span style=\"font-size: medium;\"><strong>Recht auf Beschwerde bei der zust\u00e4ndigen Aufsichtsbeh\u00f6rde<\/strong><\/span><br \/><span style=\"font-size: medium;\">Als Betroffener steht Ihnen im Falle eines datenschutzrechtlichen Versto\u00dfes ein Beschwerderecht bei der zust\u00e4ndigen Aufsichtsbeh\u00f6rde zu. Zust\u00e4ndige Aufsichtsbeh\u00f6rde bez\u00fcglich datenschutzrechtlicher Fragen ist der Landesdatenschutzbeauftragte des Bundeslandes, in dem sich der Sitz unseres Unternehmens befindet.\u00a0<span style=\"text-align: left;\">Der folgende Link stellt eine Liste der Datenschutzbeauftragten sowie deren Kontaktdaten bereit:\u00a0<\/span><\/span><br \/><span style=\"font-size: medium;\"><span style=\"color: #b0170c;\"><a href=\"https:\/\/www.bfdi.bund.de\/DE\/Infothek\/Anschriften_Links\/anschriften_links-node.html\" style=\"text-align: left; color: #b0170c;\" target=\"_blank\" rel=\"noopener noreferrer\">https:\/\/www.bfdi.bund.de\/DE\/Infothek\/Anschriften_Links\/anschriften_links-node.html<\/a><\/span><\/span><\/p>\n<p><span style=\"font-size: medium;\"><strong>Recht auf Daten\u00fcbertragbarkeit<\/strong><\/span><br \/><span style=\"font-size: medium;\">Ihnen steht das Recht zu, Daten, die wir auf Grundlage Ihrer Einwilligung oder in Erf\u00fcllung eines Vertrags automatisiert verarbeiten, an sich oder an Dritte aush\u00e4ndigen zu lassen. Die Bereitstellung erfolgt in einem maschinenlesbaren Format. Sofern Sie die direkte \u00dcbertragung der Daten an einen anderen Verantwortlichen verlangen, erfolgt dies nur, soweit es technisch machbar ist.<\/span><\/p>\n<p><span style=\"font-size: medium;\"><strong>Recht auf Auskunft, Berichtigung, Sperrung, L\u00f6schung<\/strong><\/span><br \/><span style=\"font-size: medium;\">Sie haben jederzeit im Rahmen der geltenden gesetzlichen Bestimmungen das Recht auf unentgeltliche Auskunft \u00fcber Ihre gespeicherten personenbezogenen Daten, Herkunft der Daten, deren Empf\u00e4nger und den Zweck der Datenverarbeitung und ggf. ein Recht auf Berichtigung, Sperrung oder L\u00f6schung dieser Daten. Diesbez\u00fcglich und auch zu weiteren Fragen zum Thema personenbezogene Daten k\u00f6nnen Sie sich jederzeit \u00fcber die im Impressum aufgef\u00fchrten Kontaktm\u00f6glichkeiten an uns wenden.<\/span><\/p>\n<p><span style=\"font-size: medium;\"><strong>SSL- bzw. TLS-Verschl\u00fcsselung<\/strong><\/span><br \/><span style=\"font-size: medium;\">Aus Sicherheitsgr\u00fcnden und zum Schutz der \u00dcbertragung vertraulicher Inhalte, die Sie an uns als Seitenbetreiber senden, nutzt unsere Website eine SSL-bzw. TLS-Verschl\u00fcsselung. Damit sind Daten, die Sie \u00fcber diese Website \u00fcbermitteln, f\u00fcr Dritte nicht mitlesbar. Sie erkennen eine verschl\u00fcsselte Verbindung an der \u201ehttps:\/\/\u201c Adresszeile Ihres Browsers und am Schloss-Symbol in der Browserzeile.<\/span><\/p>\n<p><span style=\"font-size: medium;\"><strong>Registrierung auf dieser Website<\/strong><\/span><br \/><span style=\"font-size: medium;\">Zur Nutzung bestimmter Funktionen k\u00f6nnen Sie sich auf unserer Website registrieren. Die \u00fcbermittelten Daten dienen ausschlie\u00dflich zum Zwecke der Nutzung des jeweiligen Angebotes oder Dienstes. Bei der Registrierung abgefragte Pflichtangaben sind vollst\u00e4ndig anzugeben. Andernfalls werden wir die Registrierung ablehnen.<\/span><br \/><span style=\"font-size: medium;\">Im Falle wichtiger \u00c4nderungen, etwa aus technischen Gr\u00fcnden, informieren wir Sie per E-Mail. Die E-Mail wird an die Adresse versendet, die bei der Registrierung angegeben wurde.<\/span><br \/><span style=\"font-size: medium;\">Die Verarbeitung der bei der Registrierung eingegebenen Daten erfolgt auf Grundlage Ihrer Einwilligung (Art. 6 Abs. 1 lit. a DSGVO). Ein Widerruf Ihrer bereits erteilten Einwilligung ist jederzeit m\u00f6glich. F\u00fcr den Widerruf gen\u00fcgt eine formlose Mitteilung per E-Mail. Die Rechtm\u00e4\u00dfigkeit der bereits erfolgten Datenverarbeitung bleibt vom Widerruf unber\u00fchrt.<\/span><br \/><span style=\"font-size: medium;\">Wir speichern die bei der Registrierung erfassten Daten w\u00e4hrend des Zeitraums, den Sie auf unserer Website registriert sind. Ihren Daten werden gel\u00f6scht, sollten Sie Ihre Registrierung aufheben. Gesetzliche Aufbewahrungsfristen bleiben unber\u00fchrt.<\/span><\/p>\n<p><span style=\"font-size: medium;\"><strong>Cookies<\/strong><\/span><br \/><span style=\"font-size: medium;\">Unsere Website verwendet Cookies. Das sind kleine Textdateien, die Ihr Webbrowser auf Ihrem Endger\u00e4t speichert. Cookies helfen uns dabei, unser Angebot nutzerfreundlicher, effektiver und sicherer zu machen.<\/span><br \/><span style=\"font-size: medium;\">Einige Cookies sind \u201cSession-Cookies.\u201d Solche Cookies werden nach Ende Ihrer Browser-Sitzung von selbst gel\u00f6scht. Hingegen bleiben andere Cookies auf Ihrem Endger\u00e4t bestehen, bis Sie diese selbst l\u00f6schen. Solche Cookies helfen uns, Sie bei R\u00fcckkehr auf unserer Website wiederzuerkennen.<\/span><br \/><span style=\"font-size: medium;\">Mit einem modernen Webbrowser k\u00f6nnen Sie das Setzen von Cookies \u00fcberwachen, einschr\u00e4nken oder unterbinden. Viele Webbrowser lassen sich so konfigurieren, dass Cookies mit dem Schlie\u00dfen des Programms von selbst gel\u00f6scht werden. Die Deaktivierung von Cookies kann eine eingeschr\u00e4nkte Funktionalit\u00e4t unserer Website zur Folge haben.<\/span><br \/><span style=\"font-size: medium;\">Das Setzen von Cookies, die zur Aus\u00fcbung elektronischer Kommunikationsvorg\u00e4nge oder der Bereitstellung bestimmter, von Ihnen erw\u00fcnschter Funktionen (z.B. Warenkorb) notwendig sind, erfolgt auf Grundlage von Art. 6 Abs. 1 lit. f DSGVO. Als Betreiber dieser Website haben wir ein berechtigtes Interesse an der Speicherung von Cookies zur technisch fehlerfreien und reibungslosen Bereitstellung unserer Dienste. Sofern die Setzung anderer Cookies (z.B. f\u00fcr Analyse-Funktionen) erfolgt, werden diese in dieser Datenschutzerkl\u00e4rung separat behandelt<\/span><\/p>\n<p><span style=\"font-size: medium;\"><strong>Server-Log-Dateien<\/strong><\/span><br \/><span style=\"font-size: medium;\">In Server-Log-Dateien erhebt und speichert der Provider der Website automatisch Informationen, die Ihr Browser automatisch an uns \u00fcbermittelt. Dies sind:<\/span><\/p>\n<ul>\n<li><span style=\"font-size: medium;\">Browsertyp und Browserversion<\/span><\/li>\n<li><span style=\"font-size: medium;\">Verwendetes Betriebssystem<\/span><\/li>\n<li><span style=\"font-size: medium;\">Referrer URL<\/span><\/li>\n<li><span style=\"font-size: medium;\">Hostname des zugreifenden Rechners<\/span><\/li>\n<li><span style=\"font-size: medium;\">Uhrzeit der Serveranfrage<\/span><\/li>\n<li><span style=\"font-size: medium;\">IP-Adresse<\/span><\/li>\n<\/ul>\n<p><span style=\"font-size: medium;\">Es findet keine Zusammenf\u00fchrung dieser Daten mit anderen Datenquellen statt. Grundlage der Datenverarbeitung bildet Art. 6 Abs. 1 lit. b DSGVO, der die Verarbeitung von Daten zur Erf\u00fcllung eines Vertrags oder vorvertraglicher Ma\u00dfnahmen gestattet.<\/span><\/p>\n<p><span style=\"font-size: medium;\"><strong>Kontaktformular<\/strong><\/span><br \/><span style=\"font-size: medium;\">Per Kontaktformular \u00fcbermittelte Daten werden einschlie\u00dflich Ihrer Kontaktdaten gespeichert, um Ihre Anfrage bearbeiten zu k\u00f6nnen oder um f\u00fcr Anschlussfragen bereitzustehen. Eine Weitergabe dieser Daten findet ohne Ihre Einwilligung nicht statt.<\/span><br \/><span style=\"font-size: medium;\">Die Verarbeitung der in das Kontaktformular eingegebenen Daten erfolgt ausschlie\u00dflich auf Grundlage Ihrer Einwilligung (Art. 6 Abs. 1 lit. a DSGVO). Ein Widerruf Ihrer bereits erteilten Einwilligung ist jederzeit m\u00f6glich. F\u00fcr den Widerruf gen\u00fcgt eine formlose Mitteilung per E-Mail. Die Rechtm\u00e4\u00dfigkeit der bis zum Widerruf erfolgten Datenverarbeitungsvorg\u00e4nge bleibt vom Widerruf unber\u00fchrt.<\/span><br \/><span style=\"font-size: medium;\">\u00dcber das Kontaktformular \u00fcbermittelte Daten verbleiben bei uns, bis Sie uns zur L\u00f6schung auffordern, Ihre Einwilligung zur Speicherung widerrufen oder keine Notwendigkeit der Datenspeicherung mehr besteht. Zwingende gesetzliche Bestimmungen \u2013 insbesondere Aufbewahrungsfristen \u2013 bleiben unber\u00fchrt.<\/span><\/p>\n<p><span style=\"font-size: medium;\"><strong>Speicherdauer von Beitr\u00e4gen und Kommentaren<\/strong><\/span><br \/><span style=\"font-size: medium;\">Beitr\u00e4ge und Kommentare sowie damit in Verbindung stehende Daten, wie beispielsweise IP-Adressen, werden gespeichert. Der Inhalt verbleibt auf unserer Website, bis er vollst\u00e4ndig gel\u00f6scht wurde oder aus rechtlichen Gr\u00fcnden gel\u00f6scht werden musste.<\/span><br \/><span style=\"font-size: medium;\">Die Speicherung der Beitr\u00e4ge und Kommentare erfolgt auf Grundlage Ihrer Einwilligung (Art. 6 Abs. 1 lit. a DSGVO). Ein Widerruf Ihrer bereits erteilten Einwilligung ist jederzeit m\u00f6glich. F\u00fcr den Widerruf gen\u00fcgt eine formlose Mitteilung per E-Mail. Die Rechtm\u00e4\u00dfigkeit bereits erfolgter Datenverarbeitungsvorg\u00e4nge bleibt vom Widerruf unber\u00fchrt.<\/span><\/p>\n<p><span style=\"font-size: medium;\"><strong>Einbindung sonstiger externer Anbieter<\/strong><\/span><\/p>\n<p><span style=\"font-size: medium;\"><strong>\u2013 Google Maps<\/strong><\/span><br \/><span style=\"font-size: medium;\">Diese Seite nutzt \u00fcber eine API den Kartendienst Google Maps. Anbieter ist die Google Inc., 1600 Amphitheatre Parkway, Mountain View, CA 94043, USA. Zur Nutzung der Funktionen von Google Maps ist es notwendig, Ihre IP-Adresse zu speichern. Diese Informationen werden in der Regel an einen Server von Google in den USA \u00fcbertragen und dort gespeichert. Der Anbieter dieser Seite hat keinen Einfluss auf diese Daten\u00fcbertragung. Mehr Informationen zum Umgang mit Nutzerdaten finden Sie in der Datenschutzerkl\u00e4rung von Google:\u00a0<span style=\"color: #b0170c;\"><a href=\"https:\/\/www.google.de\/intl\/de\/policies\/privacy\" target=\"_blank\" rel=\"noopener noreferrer\" style=\"color: #b0170c;\">https:\/\/www.google.de\/intl\/de\/policies\/privacy<\/a><\/span>. Die Nutzung von Google Maps erfolgt nur auf expliziten Wunsch des Webseitenbesuchers, da dieser die Funktion aktiv ausf\u00fchren muss.<\/span><\/p>\n<p><span style=\"font-size: medium;\"><strong>Quelle:<\/strong>\u00a0Datenschutz-Konfigurator von\u00a0<span style=\"color: #b0170c;\"><a href=\"https:\/\/www.hub24.de\/datenschutzerklaerung-konfigurator\/\" target=\"_blank\" rel=\"noopener noreferrer\" style=\"color: #b0170c;\">hub24.de<\/a><\/span>.<\/span><\/p>\n<p>[\/et_pb_text][\/et_pb_column][\/et_pb_row][\/et_pb_section]<\/p>\n","protected":false},"excerpt":{"rendered":"<p>IMPRESSUM IMPRESSUMSPFLICHT NACH \u00a75 TELEMEDIENGESETZ (TMG)Hausanschrift: Baugesch\u00e4ft R\u00f6tzel GmbH Poststra\u00dfe 13 57539 Bitzen Telefon: 02682 \u2013 13 76 Telefax:\u00a002682 \u2013 67 31 3 E-Mail: info(at)roetzelgmbh.de Lageranschrift:\u00a0 Im WahlenbornGesch\u00e4ftsf\u00fchrer:Bernd R\u00f6tzel Handelsregister: Amtsgericht MontabaurHRB 13799 Steuer Nr.:\u00a0 02\/650\/09019\u00a0 DATENSCHUTZ ALLGEMEINE HINWEISE UND PFLICHTINFORMATIONEN HaftungshinweisDas Landgericht Hamburg hat mit dem Urteil vom 12.05.1998 entschieden, dass man durch die [&hellip;]<\/p>\n","protected":false},"author":3,"featured_media":0,"parent":0,"menu_order":0,"comment_status":"closed","ping_status":"closed","template":"","meta":{"_et_pb_use_builder":"on","_et_pb_old_content":"","_et_gb_content_width":"","footnotes":""},"class_list":["post-1846","page","type-page","status-publish","hentry"],"_links":{"self":[{"href":"https:\/\/www.roetzelgmbh.de\/wp-1\/wp-json\/wp\/v2\/pages\/1846","targetHints":{"allow":["GET"]}}],"collection":[{"href":"https:\/\/www.roetzelgmbh.de\/wp-1\/wp-json\/wp\/v2\/pages"}],"about":[{"href":"https:\/\/www.roetzelgmbh.de\/wp-1\/wp-json\/wp\/v2\/types\/page"}],"author":[{"embeddable":true,"href":"https:\/\/www.roetzelgmbh.de\/wp-1\/wp-json\/wp\/v2\/users\/3"}],"replies":[{"embeddable":true,"href":"https:\/\/www.roetzelgmbh.de\/wp-1\/wp-json\/wp\/v2\/comments?post=1846"}],"version-history":[{"count":66,"href":"https:\/\/www.roetzelgmbh.de\/wp-1\/wp-json\/wp\/v2\/pages\/1846\/revisions"}],"predecessor-version":[{"id":4104,"href":"https:\/\/www.roetzelgmbh.de\/wp-1\/wp-json\/wp\/v2\/pages\/1846\/revisions\/4104"}],"wp:attachment":[{"href":"https:\/\/www.roetzelgmbh.de\/wp-1\/wp-json\/wp\/v2\/media?parent=1846"}],"curies":[{"name":"wp","href":"https:\/\/api.w.org\/{rel}","templated":true}]}}